{"id":810,"date":"2022-01-28T15:48:34","date_gmt":"2022-01-28T14:48:34","guid":{"rendered":"http:\/\/wellness3oflife.com\/web\/pravila-privatnosti\/"},"modified":"2022-02-11T16:07:48","modified_gmt":"2022-02-11T15:07:48","slug":"privacy-policy","status":"publish","type":"page","link":"https:\/\/wellness3oflife.com\/en\/privacy-policy\/","title":{"rendered":"Privacy policy"},"content":{"rendered":"<p>[et_pb_section fb_built=&#8221;1&#8243; admin_label=&#8221;section&#8221; _builder_version=&#8221;3.22&#8243; global_colors_info=&#8221;{}&#8221;][et_pb_row admin_label=&#8221;row&#8221; _builder_version=&#8221;3.25&#8243; background_size=&#8221;initial&#8221; background_position=&#8221;top_left&#8221; background_repeat=&#8221;repeat&#8221; global_colors_info=&#8221;{}&#8221;][et_pb_column type=&#8221;4_4&#8243; _builder_version=&#8221;3.25&#8243; custom_padding=&#8221;|||&#8221; global_colors_info=&#8221;{}&#8221; custom_padding__hover=&#8221;|||&#8221;][et_pb_text admin_label=&#8221;Text&#8221; _builder_version=&#8221;4.14.7&#8243; background_size=&#8221;initial&#8221; background_position=&#8221;top_left&#8221; background_repeat=&#8221;repeat&#8221; global_colors_info=&#8221;{}&#8221;]<\/p>\n<p><strong>Wellness 3 of life<\/strong>\u00a0recognizes the importance of protecting personal data and respects your privacy.<\/p>\n<p>All collected informations are used solely in accordance with this notice, the General Data Protection Regulation (EU) 2016\/679 and the Croatian Personal Data Protection Act.<\/p>\n<p>This notice sets out the basis on which any personal data we collect from you, or that you provide to us, will be processed. By visiting our website\u00a0<a href=\"https:\/\/wellness3oflife.com\">wellness3oflife.com<\/a>\u00a0or providing your information in the circumstances described below, you are accepting and consenting to the practices described in this notice.<\/p>\n<h1>Collecting personal data<\/h1>\n<p><strong>Information provided by you\u00a0<\/strong>includes following data: your name, surname, e-mail address, phone number. When performing travel agency business, we shall ask you for a copy of your ID and credit card.<\/p>\n<p><strong>Sensitive personal data<\/strong><\/p>\n<p>We shall not collect, store or otherwise use any special categories of data or sensitive data for any purpose.<\/p>\n<p><strong>Use of this sites by children<\/strong><\/p>\n<p>Please be aware that all personal data processing can only be used by people who are 16+ years old. The use of the system and the tool is forbidden as well as the processing of data of users under 16, without the appropriate parent \/ guardian consent. If, however, data is processed, we shall terminate as soon as we find out that the user is under 16 and delete all data we collected.<\/p>\n<h1>Cookies<\/h1>\n<p>Our website uses cookies to provide you with the best experience possible. Cookies information is stored in your browser and performs functions such as identifying when you return to our website. You can change all cookie settings on the \u201cNecessary Cookies\u201d link.<\/p>\n<p>Necessary cookies should always be enabled so that we can save your cookie settings. If you disable these cookies, we will not be able to save your settings. This means that you will need to approve or block cookies at each visit.<\/p>\n<h1>Legal basis for data processing<\/h1>\n<p>Personal data are required to provide the quality information, product or service you have requested. In cases where personal information is not strictly necessary, we shall notify you and request your consent for their collection and processing, as well as the consequences for the possibility of providing our service if you do not agree.<\/p>\n<p>However, we shall normally process your personal data only:<\/p>\n<ul>\n<li>where we have your consent to do so;<\/li>\n<li>where the processing is necessary to perform our contract with you; or<\/li>\n<li>where the processing is in our legitimate interests or those of a third party and such interests are not overridden by your data protection interests or fundamental rights and freedoms; and<\/li>\n<li>where we have a legal obligation to process your personal data.<\/li>\n<\/ul>\n<h1>Sharing Your personal data<\/h1>\n<p>We may disclose your personal data\u00a0 to the following categories of recipients for the following purposes:<\/p>\n<ul>\n<li>Hotels, when we act as travel agency<\/li>\n<li>Competent law enforcement authority, personal data protection supervisory authority.<\/li>\n<\/ul>\n<h1>Data retention<\/h1>\n<p>We shall not retain your personal data for longer than is necessary to fulfil the purposes for which we collected it, unless the law permits or requires that we retain it for longer.<\/p>\n<h1>Information Security<\/h1>\n<p>We apply appropriate administrative, technical and organizational safeguards to protect your personal data under our control from unauthorized access, collection, use, disclosure, copying, alteration or making available. We also take the necessary steps to ensure that each provider we involve in processing your personal data on our behalf takes technical and organizational measures to protect such personal information.<\/p>\n<p><strong>Transferring data Internationally<\/strong><\/p>\n<p>Currently we do not transfer your personal information outside the Republic of Croatia.<\/p>\n<h1>Updates to this Privacy Notice<\/h1>\n<p>We may update this Privacy Notice from time to time in response to changing legal, technical or business developments. When we update our Privacy Notice, we shall take appropriate measures to inform you, consistent with the significance of the changes we make.\u00a0 We shall obtain your consent to any material Privacy Notice changes if and where this is required by applicable data protection laws.<\/p>\n<p>You can see when this Privacy Notice was last updated by checking the \u201clast updated\u201d date displayed at the top of this document.<\/p>\n<h1>Your Data Protection Rights<\/h1>\n<p>You have the following data protection rights:<\/p>\n<p>If you wish to access, correct, update or request deletion of your personal data, or to object to processing the personal data, ask us to restrict processing of your personal data or request portability of it, you can do so at any time by contact details on the bottom of this page.<\/p>\n<p>If we have collected and processed your personal data with your consent, then you can withdraw your consent at any time.\u00a0 Withdrawing your consent will not affect the lawfulness of any processing we conducted prior to your withdrawal, nor will it affect processing of your personal information conducted in reliance on lawful processing grounds other than consent.<\/p>\n<p>We respond to all requests we receive from individuals wishing to exercise their data protection rights in accordance with applicable data protection laws.<\/p>\n<p>If you have any question, concerns or complaints about this Privacy Notice or our handling of your personal data, you can reach us via the following contact details:<\/p>\n<ul>\n<li>by e-mail at:\u00a0<a href=\"mailto:wellness3oflife@gmail.com\">wellness3oflife@gmail.com<\/a><\/li>\n<li>by telephone at the phone number <strong>+85 (0)95 357 71 75<\/strong><\/li>\n<li>by post at the address: <strong>Wellness 3 of life,<\/strong><strong> <i class=\"fa fa-map-marker w3-hover-opacity\"><\/i>\u00a0Dolac 4, 51000 Rijeka, Croatia<\/strong><\/li>\n<li>personal contact:\u00a0<strong>Iris \u010cikovi\u0107<\/strong><\/li>\n<\/ul>\n<p>If you are unsatisfied with the response, you have the right to complain about our collection and use of your personal data to Croatian Personal Data Protection Agency at the address: Marti\u0107eva ulica 14, HR \u2013 10 000 Zagreb, Tel. 00385 (0)1 4609-000, Fax. 00385 (0)1 4609-099 e-mail:\u00a0<a href=\"mailto:azop@azop.hr\">azop@azop.hr<\/a>.<\/p>\n<p>[\/et_pb_text][\/et_pb_column][\/et_pb_row][\/et_pb_section]<\/p>\n","protected":false},"excerpt":{"rendered":"<p>Wellness 3 of life\u00a0recognizes the importance of protecting personal data and respects your privacy. All collected informations are used solely in accordance with this notice, the General Data Protection Regulation (EU) 2016\/679 and the Croatian Personal Data Protection Act. This notice sets out the basis on which any personal data we collect from you, or [&hellip;]<\/p>\n","protected":false},"author":2,"featured_media":0,"parent":0,"menu_order":0,"comment_status":"closed","ping_status":"closed","template":"","meta":{"_et_pb_use_builder":"on","_et_pb_old_content":"<h3>Prikupljanje i kori\u0161tenje osobnih podataka<\/h3>\r\n<p>Osobni podaci koje posjetitelji upisuju prilikom prijave, odnosno postavljanja i slanja upita putem kontakt forme na ovoj web stranici, slanjem upita elektroni\u010dkom po\u0161tom na adresu\u00a0<a href=\"mailto:wellness3oflife@gmail.com\">wellness3oflife@gmail.com<\/a>\u00a0ili dostavljaju u tvrtku\u00a0<strong>Wellness 3 of life<\/strong> putem po\u0161tanske po\u0161iljke na adresu <strong>Wellness 3 of life<\/strong>, Deklevi 11, 52463 Vi\u0161njan, koriste se isklju\u010divo za budu\u0107u komunikaciju, izme\u0111u\u00a0<strong>Wellness 3 of life<\/strong>\u00a0i osobe koja je upit poslala, vezanu uz predmet prijave ili upita.<\/p>\r\n<p>Slanje osobnih podataka je dobrovoljno i predstavlja privolu po\u0161iljatelja da se oni mogu koristiti u svrhu komunikacije izme\u0111u <strong>Wellness 3 of life<\/strong>\u00a0i po\u0161iljatelja koja se odnosi na rje\u0161avanje predmeta upita ili prijave.<\/p>\r\n<p>Podaci se pohranjuju u bazu podataka <strong>Wellness 3 of life<\/strong>\u00a0i \u010duvaju u potpunosti u skladu s Op\u0107om uredbom o za\u0161titi osobnih podataka [GDPR (EU) 2016\/679].<br \/><strong>Wellness 3 of life<\/strong> ne\u0107e otkrivati osobne podatke tre\u0107oj strani, osim ukoliko to ne predstavlja zakonsku obavezu.<br \/><strong>Wellness 3 of life<\/strong> je usvojila fizi\u010dke tehni\u010dke i organizacijske mjere kako bi osigurala prevenciju povrede osobnih podataka poput gubitka ili o\u0161te\u0107enja te nedopu\u0161tenog pristupa, mijenjanja ili obrade osobnih podataka. Uvedene su sigurnosne mjere sprje\u010davanja pristupa obradi osobnih podataka neovla\u0161tenim osobama kao i o\u010duvanja sigurnosti osobnih podataka koji se \u010duvaju ili prenose kako ne bi mogli biti pro\u010ditani, kopirani, modificirani, izgubljeni te uklonjeni ili uni\u0161teni bez odobrenja. <strong>Wellness 3 of life<\/strong>\u00a0\u010duva osobne podatke samo onoliko dugo koliko je nu\u017eno potrebno.<\/p>\r\n<p>Po\u0161iljatelj podataka ima pravo od <strong>Wellness 3 of life<\/strong>\u00a0zatra\u017eiti pristup osobnim podacima i njihov ispravak ili brisanje te ima pravo na ograni\u010davanje obrade koja se na njega odnosi, na ulaganje prigovora na takvu obradu, te pravo na prenosivost podataka, sve u skladu s Op\u0107om uredbom o za\u0161titi osobnih podataka [GDPR\u00a0(EU) 2016\/679].<\/p>\r\n<p>Upiti vezano uz ostvarivanje navedenih prava dostavljaju se na adresu:\u00a0<a href=\"mailto:wellness3oflife@gmail.com\">wellness3oflife@gmail.com<\/a><br \/><strong>Wellness 3 of life<\/strong> zadr\u017eava pravo kori\u0161tenja kola\u010di\u0107a na svojim web stranicama.<\/p>\r\n<p>Kola\u010di\u0107 je informacija koju web stranica pohranjuje na ra\u010dunalo posjetitelja. Kola\u010di\u0107i na stranicama pohranjuju postavke vezane uz prilago\u0111enost web stranice pojedina\u010dnom posjetitelju, kao \u0161to su preferirani jezik ili adresa. Kada se sljede\u0107i put otvori ista web stranica, internetski preglednik \u0161alje podatke iz kola\u010di\u0107a koji pripadaju toj stranici. Web stranice koje koriste kola\u010di\u0107e ne mogu dobiti pristup informacijama koji im nisu omogu\u0107ene i ne mogu pristupiti ostalim datotekama na ra\u010dunalu posjetitelja.<\/p>\r\n<p>Posjetitelj mo\u017ee samostalno zabraniti pohranjivanje kola\u010di\u0107a na vlastitom ra\u010dunalu ili ih obrisati. Postavke kola\u010di\u0107a mogu se kontrolirati i konfigurirati u postavkama internetskog preglednika.<\/p>\r\n<p>Ukoliko smatraju da su im prekr\u0161ena prava vezana uz za\u0161titu osobnih podataka, osobe koje su dobrovoljno dostavile podatke u <strong>Wellness 3 of life<\/strong>, mogu podnijeti prigovor Agenciji za za\u0161titu osobnih podataka.<\/p>","_et_gb_content_width":"","inline_featured_image":false,"footnotes":""},"class_list":["post-810","page","type-page","status-publish","hentry"],"_links":{"self":[{"href":"https:\/\/wellness3oflife.com\/en\/wp-json\/wp\/v2\/pages\/810","targetHints":{"allow":["GET"]}}],"collection":[{"href":"https:\/\/wellness3oflife.com\/en\/wp-json\/wp\/v2\/pages"}],"about":[{"href":"https:\/\/wellness3oflife.com\/en\/wp-json\/wp\/v2\/types\/page"}],"author":[{"embeddable":true,"href":"https:\/\/wellness3oflife.com\/en\/wp-json\/wp\/v2\/users\/2"}],"replies":[{"embeddable":true,"href":"https:\/\/wellness3oflife.com\/en\/wp-json\/wp\/v2\/comments?post=810"}],"version-history":[{"count":3,"href":"https:\/\/wellness3oflife.com\/en\/wp-json\/wp\/v2\/pages\/810\/revisions"}],"predecessor-version":[{"id":816,"href":"https:\/\/wellness3oflife.com\/en\/wp-json\/wp\/v2\/pages\/810\/revisions\/816"}],"wp:attachment":[{"href":"https:\/\/wellness3oflife.com\/en\/wp-json\/wp\/v2\/media?parent=810"}],"curies":[{"name":"wp","href":"https:\/\/api.w.org\/{rel}","templated":true}]}}